{"id":1298,"date":"2023-08-17T12:24:45","date_gmt":"2023-08-17T10:24:45","guid":{"rendered":"https:\/\/envedu.unitbv.ro\/?page_id=1298"},"modified":"2024-02-23T11:41:33","modified_gmt":"2024-02-23T09:41:33","slug":"d1-participation-at-international-conferences-with-oral-and-poster-presentations","status":"publish","type":"page","link":"https:\/\/envedu.unitbv.ro\/en_US\/d1-participation-at-international-conferences-with-oral-and-poster-presentations\/","title":{"rendered":"D1 Participation at international conferences, with oral and poster presentations"},"content":{"rendered":"\n<h5 class=\"wp-block-heading\">1. <strong>May 2021 &#8211; Chimia 2020 Constanta, Romania<\/strong><\/h5>\n\n\n\n<ul class=\"wp-block-list\"><li><strong>International Conference CHIMIA 2020. New Trends in Applied Chemistry<\/strong><ul><li><a rel=\"noreferrer noopener\" href=\"http:\/\/fsai.univ-ovidius.ro\/chimia2020\/program.html\" target=\"_blank\">http:\/\/fsai.univ-ovidius.ro\/chimia2020\/program.html<\/a>;<\/li><li>organized at Constanta, Romania, during 27 \u2013 29 May, 2021;<\/li><li>the following contributions were presented:<ul><li>Environmental Education by Open Educational Resources for Sustainable Communities (key note presentation).<\/li><li>Open Educational Resources for Learning Waste Management in Rural Communities (poster presentation).<\/li><li>Sustainable Communities \u2013 Levels of Analysis (poster presentation).<\/li><\/ul><\/li><li>documents<ul><li><a rel=\"noreferrer noopener\" href=\"https:\/\/envedu.unitbv.ro\/wp-content\/uploads\/2023\/08\/1.-Program_Chimia2020.pdf\" target=\"_blank\">Program_Chimia2020<\/a> pdf<\/li><li><a rel=\"noreferrer noopener\" href=\"https:\/\/envedu.unitbv.ro\/wp-content\/uploads\/2023\/08\/2.-CHIMIA-2020-K1.-Camelia-DRAGHICI.pdf\" target=\"_blank\">CHIMIA 2020 &#8211; K1-CD<\/a> pdf<\/li><li><a rel=\"noreferrer noopener\" href=\"https:\/\/envedu.unitbv.ro\/wp-content\/uploads\/2023\/08\/3.-CHIMIA-2020-PB12_CSR.pdf\" target=\"_blank\">CHIMIA 2020 PB12_CSR<\/a> pdf<\/li><li><a rel=\"noreferrer noopener\" href=\"https:\/\/envedu.unitbv.ro\/wp-content\/uploads\/2023\/08\/4.-CHIMIA-2020-PB13_DP.pdf\" target=\"_blank\">CHIMIA 2020 PB13_DP<\/a> pdf<\/li><\/ul><\/li><\/ul><\/li><\/ul>\n\n\n\n<figure class=\"wp-block-gallery has-nested-images columns-2 is-cropped wp-block-gallery-1 is-layout-flex wp-block-gallery-is-layout-flex\">\n<figure class=\"wp-block-image size-large\"><a href=\"https:\/\/envedu.unitbv.ro\/wp-content\/uploads\/2023\/08\/Diss-CHIMIA-2020-1-scaled.jpg\" target=\"_blank\" rel=\"noopener\"><img loading=\"lazy\" decoding=\"async\" width=\"2560\" height=\"1707\" data-id=\"1315\" src=\"https:\/\/envedu.unitbv.ro\/wp-content\/uploads\/2023\/08\/Diss-CHIMIA-2020-1-scaled.jpg\" alt=\"\" class=\"wp-image-1315\" srcset=\"https:\/\/envedu.unitbv.ro\/wp-content\/uploads\/2023\/08\/Diss-CHIMIA-2020-1-scaled.jpg 2560w, https:\/\/envedu.unitbv.ro\/wp-content\/uploads\/2023\/08\/Diss-CHIMIA-2020-1-300x200.jpg 300w, https:\/\/envedu.unitbv.ro\/wp-content\/uploads\/2023\/08\/Diss-CHIMIA-2020-1-1024x683.jpg 1024w, https:\/\/envedu.unitbv.ro\/wp-content\/uploads\/2023\/08\/Diss-CHIMIA-2020-1-768x512.jpg 768w, https:\/\/envedu.unitbv.ro\/wp-content\/uploads\/2023\/08\/Diss-CHIMIA-2020-1-1536x1024.jpg 1536w, https:\/\/envedu.unitbv.ro\/wp-content\/uploads\/2023\/08\/Diss-CHIMIA-2020-1-2048x1365.jpg 2048w\" sizes=\"auto, (max-width: 2560px) 100vw, 2560px\" \/><\/a><figcaption>1<\/figcaption><\/figure>\n\n\n\n<figure class=\"wp-block-image size-large\"><a href=\"https:\/\/envedu.unitbv.ro\/wp-content\/uploads\/2023\/08\/Diss-CHIMIA-2020-2-scaled.jpg\" target=\"_blank\" rel=\"noopener\"><img loading=\"lazy\" decoding=\"async\" width=\"2560\" height=\"1707\" data-id=\"1316\" src=\"https:\/\/envedu.unitbv.ro\/wp-content\/uploads\/2023\/08\/Diss-CHIMIA-2020-2-scaled.jpg\" alt=\"\" class=\"wp-image-1316\" srcset=\"https:\/\/envedu.unitbv.ro\/wp-content\/uploads\/2023\/08\/Diss-CHIMIA-2020-2-scaled.jpg 2560w, https:\/\/envedu.unitbv.ro\/wp-content\/uploads\/2023\/08\/Diss-CHIMIA-2020-2-300x200.jpg 300w, https:\/\/envedu.unitbv.ro\/wp-content\/uploads\/2023\/08\/Diss-CHIMIA-2020-2-1024x683.jpg 1024w, https:\/\/envedu.unitbv.ro\/wp-content\/uploads\/2023\/08\/Diss-CHIMIA-2020-2-768x512.jpg 768w, https:\/\/envedu.unitbv.ro\/wp-content\/uploads\/2023\/08\/Diss-CHIMIA-2020-2-1536x1024.jpg 1536w, https:\/\/envedu.unitbv.ro\/wp-content\/uploads\/2023\/08\/Diss-CHIMIA-2020-2-2048x1365.jpg 2048w\" sizes=\"auto, (max-width: 2560px) 100vw, 2560px\" \/><\/a><figcaption>2<\/figcaption><\/figure>\n\n\n\n<figure class=\"wp-block-image size-large\"><a href=\"https:\/\/envedu.unitbv.ro\/wp-content\/uploads\/2023\/08\/Diss-CHIMIA-2020-3-scaled.jpg\" target=\"_blank\" rel=\"noopener\"><img loading=\"lazy\" decoding=\"async\" width=\"2560\" height=\"1707\" data-id=\"1317\" src=\"https:\/\/envedu.unitbv.ro\/wp-content\/uploads\/2023\/08\/Diss-CHIMIA-2020-3-scaled.jpg\" alt=\"\" class=\"wp-image-1317\" srcset=\"https:\/\/envedu.unitbv.ro\/wp-content\/uploads\/2023\/08\/Diss-CHIMIA-2020-3-scaled.jpg 2560w, https:\/\/envedu.unitbv.ro\/wp-content\/uploads\/2023\/08\/Diss-CHIMIA-2020-3-300x200.jpg 300w, https:\/\/envedu.unitbv.ro\/wp-content\/uploads\/2023\/08\/Diss-CHIMIA-2020-3-1024x683.jpg 1024w, https:\/\/envedu.unitbv.ro\/wp-content\/uploads\/2023\/08\/Diss-CHIMIA-2020-3-768x512.jpg 768w, https:\/\/envedu.unitbv.ro\/wp-content\/uploads\/2023\/08\/Diss-CHIMIA-2020-3-1536x1024.jpg 1536w, https:\/\/envedu.unitbv.ro\/wp-content\/uploads\/2023\/08\/Diss-CHIMIA-2020-3-2048x1365.jpg 2048w\" sizes=\"auto, (max-width: 2560px) 100vw, 2560px\" \/><\/a><figcaption>3<\/figcaption><\/figure>\n\n\n\n<figure class=\"wp-block-image size-large\"><a href=\"https:\/\/envedu.unitbv.ro\/wp-content\/uploads\/2023\/08\/Diss-CHIMIA-2020-4-scaled.jpg\" target=\"_blank\" rel=\"noopener\"><img loading=\"lazy\" decoding=\"async\" width=\"2560\" height=\"1707\" data-id=\"1318\" src=\"https:\/\/envedu.unitbv.ro\/wp-content\/uploads\/2023\/08\/Diss-CHIMIA-2020-4-scaled.jpg\" alt=\"\" class=\"wp-image-1318\" srcset=\"https:\/\/envedu.unitbv.ro\/wp-content\/uploads\/2023\/08\/Diss-CHIMIA-2020-4-scaled.jpg 2560w, https:\/\/envedu.unitbv.ro\/wp-content\/uploads\/2023\/08\/Diss-CHIMIA-2020-4-300x200.jpg 300w, https:\/\/envedu.unitbv.ro\/wp-content\/uploads\/2023\/08\/Diss-CHIMIA-2020-4-1024x683.jpg 1024w, https:\/\/envedu.unitbv.ro\/wp-content\/uploads\/2023\/08\/Diss-CHIMIA-2020-4-768x512.jpg 768w, https:\/\/envedu.unitbv.ro\/wp-content\/uploads\/2023\/08\/Diss-CHIMIA-2020-4-1536x1024.jpg 1536w, https:\/\/envedu.unitbv.ro\/wp-content\/uploads\/2023\/08\/Diss-CHIMIA-2020-4-2048x1365.jpg 2048w\" sizes=\"auto, (max-width: 2560px) 100vw, 2560px\" \/><\/a><figcaption>4<\/figcaption><\/figure>\n\n\n\n<figure class=\"wp-block-image size-large\"><a href=\"https:\/\/envedu.unitbv.ro\/wp-content\/uploads\/2023\/08\/Diss-CHIMIA-2020-5-scaled.jpg\" target=\"_blank\" rel=\"noopener\"><img loading=\"lazy\" decoding=\"async\" width=\"2560\" height=\"1707\" data-id=\"1319\" src=\"https:\/\/envedu.unitbv.ro\/wp-content\/uploads\/2023\/08\/Diss-CHIMIA-2020-5-scaled.jpg\" alt=\"\" class=\"wp-image-1319\" srcset=\"https:\/\/envedu.unitbv.ro\/wp-content\/uploads\/2023\/08\/Diss-CHIMIA-2020-5-scaled.jpg 2560w, https:\/\/envedu.unitbv.ro\/wp-content\/uploads\/2023\/08\/Diss-CHIMIA-2020-5-300x200.jpg 300w, https:\/\/envedu.unitbv.ro\/wp-content\/uploads\/2023\/08\/Diss-CHIMIA-2020-5-1024x683.jpg 1024w, https:\/\/envedu.unitbv.ro\/wp-content\/uploads\/2023\/08\/Diss-CHIMIA-2020-5-768x512.jpg 768w, https:\/\/envedu.unitbv.ro\/wp-content\/uploads\/2023\/08\/Diss-CHIMIA-2020-5-1536x1024.jpg 1536w, https:\/\/envedu.unitbv.ro\/wp-content\/uploads\/2023\/08\/Diss-CHIMIA-2020-5-2048x1365.jpg 2048w\" sizes=\"auto, (max-width: 2560px) 100vw, 2560px\" \/><\/a><figcaption>5<\/figcaption><\/figure>\n\n\n\n<figure class=\"wp-block-image size-large\"><a href=\"https:\/\/envedu.unitbv.ro\/wp-content\/uploads\/2023\/08\/Diss-CHIMIA-2020-6-scaled.jpg\" target=\"_blank\" rel=\"noopener\"><img loading=\"lazy\" decoding=\"async\" width=\"2560\" height=\"1707\" data-id=\"1320\" src=\"https:\/\/envedu.unitbv.ro\/wp-content\/uploads\/2023\/08\/Diss-CHIMIA-2020-6-scaled.jpg\" alt=\"\" class=\"wp-image-1320\" srcset=\"https:\/\/envedu.unitbv.ro\/wp-content\/uploads\/2023\/08\/Diss-CHIMIA-2020-6-scaled.jpg 2560w, https:\/\/envedu.unitbv.ro\/wp-content\/uploads\/2023\/08\/Diss-CHIMIA-2020-6-300x200.jpg 300w, https:\/\/envedu.unitbv.ro\/wp-content\/uploads\/2023\/08\/Diss-CHIMIA-2020-6-1024x683.jpg 1024w, https:\/\/envedu.unitbv.ro\/wp-content\/uploads\/2023\/08\/Diss-CHIMIA-2020-6-768x512.jpg 768w, https:\/\/envedu.unitbv.ro\/wp-content\/uploads\/2023\/08\/Diss-CHIMIA-2020-6-1536x1024.jpg 1536w, https:\/\/envedu.unitbv.ro\/wp-content\/uploads\/2023\/08\/Diss-CHIMIA-2020-6-2048x1365.jpg 2048w\" sizes=\"auto, (max-width: 2560px) 100vw, 2560px\" \/><\/a><figcaption>6<\/figcaption><\/figure>\n<\/figure>\n\n\n\n<h5 class=\"wp-block-heading\"><strong>2. Sept. 2021 &#8211; ICEEM Muttenz, Switzerland<\/strong><\/h5>\n\n\n\n<ul class=\"wp-block-list\"><li><strong>The International Conference on Environmental Engineering and Management \u2013 ICEEM11<\/strong><ul><li><a rel=\"noreferrer noopener\" href=\"http:\/\/iceem.ro\/\" target=\"_blank\">http:\/\/iceem.ro<\/a><\/li><li>organized by TUIASI, at Muttens, Switzerland (on-site and on-line), during 8 \u2013 10 September 2021;<\/li><li>the following contributions were presented on-line (oral presentations):<ul><li>Design of Open Education Resources for Sustainable Rural Development.<\/li><li>Open Educational Resources for Learning Waste Management in Rural Communities.<\/li><\/ul><\/li><li>documents<ul><li><a rel=\"noreferrer noopener\" href=\"https:\/\/envedu.unitbv.ro\/wp-content\/uploads\/2023\/08\/1.-ICEEM11-Program.pdf\" target=\"_blank\">program<\/a><\/li><li><a rel=\"noreferrer noopener\" href=\"https:\/\/envedu.unitbv.ro\/wp-content\/uploads\/2023\/08\/2.-iceem.pdf\" target=\"_blank\">presentation PS8 CSR<\/a><\/li><li><a rel=\"noreferrer noopener\" href=\"https:\/\/envedu.unitbv.ro\/wp-content\/uploads\/2023\/08\/3.-ICEEM_11_oral_presentation_PS8_D.Perniu.pdf\" target=\"_blank\">presentation PS8 DP<\/a><\/li><\/ul><\/li><\/ul><\/li><\/ul>\n\n\n\n<h5 class=\"wp-block-heading\"><strong>3. Oct. 2021 &#8211; RESOURCEFUL CITIES Bucharest, Romania<\/strong><\/h5>\n\n\n\n<ul class=\"wp-block-list\"><li><strong>RESOURCEFUL CITIES 6<sup>th<\/sup> Transnational Meeting \u2013 Mid Term Reflection<\/strong><ul><li><a rel=\"noreferrer noopener\" href=\"https:\/\/urbact.eu\/resourceful-cities\" target=\"_blank\">https:\/\/urbact.eu\/resourceful-cities<\/a><\/li><li>organized by Bucharest 3<sup>rd<\/sup> Distric, URBACT programme, during 26 \u2013 27 October 2021;<\/li><li>the following contribution was presented:<ul><li>Open Educational Resources for Environmental Education.<\/li><\/ul><\/li><li>documents<ul><li><a href=\"https:\/\/envedu.unitbv.ro\/wp-content\/uploads\/2023\/08\/1.-Agenda-RESOURCEFUL-CITIES.pdf\" target=\"_blank\" rel=\"noreferrer noopener\">agenda<\/a><\/li><li><a href=\"https:\/\/envedu.unitbv.ro\/wp-content\/uploads\/2023\/08\/2.-RESOURCEFUL-CITIES-OERs-for-Environmental-Education.pdf\" target=\"_blank\" rel=\"noreferrer noopener\">presentation<\/a><\/li><\/ul><\/li><\/ul><\/li><\/ul>\n\n\n\n<h5 class=\"wp-block-heading\"><strong>4. Nov. 2021 &#8211; IMC Bucharest, Romania<\/strong><\/h5>\n\n\n\n<ul class=\"wp-block-list\"><li><strong>The 15<sup>th<\/sup> International Management Conference \u2013 IMC 2021<\/strong><ul><li><a rel=\"noreferrer noopener\" href=\"http:\/\/ohttp:\/\/www.conference.management.ase.ro\/\" target=\"_blank\">http:\/\/www.conference.management.ase.ro\/<\/a><\/li><li>organized by Bucharest University of Economic Studies, during 4 \u2013 5 November 2021;<\/li><li>the following contribution was presented:<ul><li>A Comparative Analysis of Time, Cost and Risk Approaches in Romanian and Icelandic Environmental Project Management<\/li><\/ul><\/li><li>documents<ul><li><a href=\"https:\/\/envedu.unitbv.ro\/wp-content\/uploads\/2023\/08\/1.-IMC2021_programme.pdf\" target=\"_blank\" rel=\"noreferrer noopener\">programme<\/a><\/li><li><a href=\"https:\/\/envedu.unitbv.ro\/wp-content\/uploads\/2023\/08\/2.-IMC2021-Presentation_Simion_.pdf\" target=\"_blank\" rel=\"noreferrer noopener\">presentation<\/a><\/li><\/ul><\/li><\/ul><\/li><\/ul>\n\n\n\n<h5 class=\"wp-block-heading\"><strong>5. Nov. 2022 &#8211; IMC Bucharest, Romania<\/strong><\/h5>\n\n\n\n<ul class=\"wp-block-list\"><li><strong>The 16<sup>th<\/sup>&nbsp;International Management Conference \u2013 IMC 2022<\/strong><ul><li><a href=\"http:\/\/conferinta.management.ase.ro\/archives\/2022\/index_IMC2022.html\">http:\/\/conferinta.management.ase.ro\/archives\/2022\/index_IMC2022.html<\/a><\/li><li>organized by Bucharest University of Economic Studies, during 3 \u2013 4 November 2022;<\/li><li>the <a href=\"https:\/\/envedu.unitbv.ro\/workshop-c2-bues-documents\/\">C2 workshop<\/a> was organized as parallel session of the conference<\/li><li><a rel=\"noreferrer noopener\" href=\"https:\/\/envedu.unitbv.ro\/wp-content\/uploads\/2023\/08\/1.-IMC2022_final-programme.pdf\" target=\"_blank\">IMC 2022 final programme<\/a><\/li><\/ul><\/li><\/ul>\n\n\n\n<h5 class=\"wp-block-heading\"><strong>6. May 2023 &#8211; Timisoara, Romania<\/strong><\/h5>\n\n\n\n<ul class=\"wp-block-list\"><li><strong>International Conference \u2018The culture of sustainable green urban development &#8211; technical, social and environmental challenges\u2019<\/strong><ul><li>organized by a consortium that includes Politehnica University of Timisoara (UPT), Norwegian Institute of Bioeconomy Research (NIBIO), University of Green Development (HGUt), on 25th of May, 2023<\/li><li>the following contribution was presented:<ul><li>Open Educational Resources for Environmental Education and Environmental Citizenship<\/li><\/ul><\/li><li>documents<ul><li><a href=\"https:\/\/envedu.unitbv.ro\/wp-content\/uploads\/2023\/08\/1.-EEA-914-conference-Timisoara.pdf\" target=\"_blank\" rel=\"noreferrer noopener\">call for conference<\/a><\/li><li><a href=\"https:\/\/envedu.unitbv.ro\/wp-content\/uploads\/2023\/08\/2.-Invitation-EEA-914-conference.pdf\" target=\"_blank\" rel=\"noreferrer noopener\">invitation<\/a><\/li><li><a href=\"https:\/\/envedu.unitbv.ro\/wp-content\/uploads\/2023\/08\/3.-EEA-914-EnvEdu-OERs-project-Timisoara-May-2023.pdf\" target=\"_blank\" rel=\"noreferrer noopener\">presentation<\/a><\/li><\/ul><\/li><\/ul><\/li><\/ul>\n\n\n\n<h5 class=\"wp-block-heading\"><strong>7. Sept. 2023 \u2013 Iasi, Romania<\/strong><\/h5>\n\n\n\n<ul class=\"wp-block-list\"><li><strong>The International Conference on Environmental Engineering and Management \u2013 ICEEM11<\/strong><ul><li><a href=\"https:\/\/www.iceem.tuiasi.ro\/\">https:\/\/www.iceem.tuiasi.ro\/<\/a><\/li><li>organized by TUIASI, at Iasi, Romania, during 13 \u2013 16 September 2023;<\/li><li>the following contribution was presented (poster presentation):<ul><li>New perspectives of environmental monitoring definition<\/li><\/ul><\/li><li>documents<ul><li><a href=\"https:\/\/envedu.unitbv.ro\/wp-content\/uploads\/events\/dissemination\/conferences\/7_ICEEM12_Program-04.09.2023_f.pdf\" target=\"_blank\" rel=\"noreferrer noopener\">ICEEM12 program<\/a><\/li><li><a href=\"https:\/\/envedu.unitbv.ro\/wp-content\/uploads\/events\/dissemination\/conferences\/7_ICEEM_12_poster_CSR.pdf\" target=\"_blank\" rel=\"noreferrer noopener\">presentation PO.6.10. CSR<\/a><\/li><\/ul><\/li><\/ul><\/li><\/ul>\n\n\n\n<h5 class=\"wp-block-heading\"><strong>8. Oct. 2023 \u2013 Brasov, Romania<\/strong><\/h5>\n\n\n\n<ul class=\"wp-block-list\"><li><strong>R\u00e9union avec des repr\u00e9sentants de l&#8217;IFDD (Institut Francophone pour le D\u00e9veloppement Durable) de l&#8217;OIF (Organisation Internationale de la Francophonie)<\/strong><ul><li>organized by UNITBV, at Brasov, Romania, on 17 Poctober 2023<\/li><li>the following contribution was presented (oral presentation):<ul><li>Environmental Education by Open Educational Resources for Sustainable Communities<\/li><\/ul><\/li><li>documents<ul><li><a href=\"https:\/\/envedu.unitbv.ro\/uploads\/D1\/Programme_UNITBV_Oct_17_2023.pdf\" target=\"_blank\" rel=\"noreferrer noopener\">program<\/a><\/li><li><a rel=\"noreferrer noopener\" href=\"https:\/\/envedu.unitbv.ro\/wp-content\/uploads\/events\/dissemination\/conferences\/8_EnvEdu-OERs_project.pdf\" target=\"_blank\">presentation<\/a><\/li><\/ul><\/li><\/ul><\/li><\/ul>\n","protected":false},"excerpt":{"rendered":"<p><!-- wp:heading {\"level\":5} --><\/p>\n<h5>1. <strong>May 2021 &#8211; Chimia 2020 Constanta, Romania<\/strong><\/h5>\n<p><!-- \/wp:heading --><\/p>\n<p><!-- wp:list --><\/p>\n<ul>\n<li><strong>International Conference CHIMIA 2020. New Trends in Applied Chemistry<\/strong>\n<ul>\n<li><a rel... \n<br \/>\n","protected":false},"author":1,"featured_media":0,"parent":0,"menu_order":0,"comment_status":"closed","ping_status":"closed","template":"","meta":{"footnotes":""},"class_list":["post-1298","page","type-page","status-publish","hentry"],"_links":{"self":[{"href":"https:\/\/envedu.unitbv.ro\/en_US\/wp-json\/wp\/v2\/pages\/1298","targetHints":{"allow":["GET"]}}],"collection":[{"href":"https:\/\/envedu.unitbv.ro\/en_US\/wp-json\/wp\/v2\/pages"}],"about":[{"href":"https:\/\/envedu.unitbv.ro\/en_US\/wp-json\/wp\/v2\/types\/page"}],"author":[{"embeddable":true,"href":"https:\/\/envedu.unitbv.ro\/en_US\/wp-json\/wp\/v2\/users\/1"}],"replies":[{"embeddable":true,"href":"https:\/\/envedu.unitbv.ro\/en_US\/wp-json\/wp\/v2\/comments?post=1298"}],"version-history":[{"count":22,"href":"https:\/\/envedu.unitbv.ro\/en_US\/wp-json\/wp\/v2\/pages\/1298\/revisions"}],"predecessor-version":[{"id":2005,"href":"https:\/\/envedu.unitbv.ro\/en_US\/wp-json\/wp\/v2\/pages\/1298\/revisions\/2005"}],"wp:attachment":[{"href":"https:\/\/envedu.unitbv.ro\/en_US\/wp-json\/wp\/v2\/media?parent=1298"}],"curies":[{"name":"wp","href":"https:\/\/api.w.org\/{rel}","templated":true}]}}